{"id":71235,"date":"2023-03-07T11:40:38","date_gmt":"2023-03-07T10:40:38","guid":{"rendered":"https:\/\/k-steel.net\/o-firmie\/"},"modified":"2024-12-05T14:41:46","modified_gmt":"2024-12-05T13:41:46","slug":"o-firmie","status":"publish","type":"page","link":"https:\/\/k-steel.net\/pl\/","title":{"rendered":"O firmie"},"content":{"rendered":"<p>[et_pb_section fb_built=&#8221;1&#8243; _builder_version=&#8221;4.20.1&#8243; _module_preset=&#8221;default&#8221; use_background_color_gradient=&#8221;on&#8221; background_color_gradient_stops=&#8221;#14191c 71%|rgba(255,255,255,0) 100%&#8221; background_color_gradient_overlays_image=&#8221;on&#8221; background_enable_image=&#8221;off&#8221; background_video_mp4=&#8221;https:\/\/k-steel.net\/wp-content\/uploads\/2023\/03\/k-steel.mp4&#8243; custom_margin=&#8221;0px||0px||false|false&#8221; custom_padding=&#8221;135px||145px||false|false&#8221; custom_css_before=&#8221;content:%22%22;||    display: block;||    position: absolute;||    top: 0;||    left: 0;||    width: 100%;||    height: 100%;||   background-image: linear-gradient(rgb(30,47,64, 0.9), rgb(30,47,64, 0.3));||    z-index: 9;&#8221; global_colors_info=&#8221;{}&#8221;][et_pb_row use_custom_gutter=&#8221;on&#8221; make_equal=&#8221;on&#8221; _builder_version=&#8221;4.20.1&#8243; _module_preset=&#8221;default&#8221; z_index=&#8221;103&#8243; width=&#8221;90%&#8221; custom_margin=&#8221;0px||0px||false|false&#8221; custom_padding=&#8221;0px||0px||false|false&#8221; module_alignment_last_edited=&#8221;off|tablet&#8221; global_colors_info=&#8221;{}&#8221;][et_pb_column type=&#8221;4_4&#8243; _builder_version=&#8221;4.17.4&#8243; _module_preset=&#8221;default&#8221; global_colors_info=&#8221;{}&#8221;][et_pb_text _builder_version=&#8221;4.20.1&#8243; _module_preset=&#8221;default&#8221; header_font=&#8221;Open Sans|700||on|||||&#8221; header_text_align=&#8221;left&#8221; header_text_color=&#8221;#FFFFFF&#8221; header_font_size=&#8221;50px&#8221; header_line_height=&#8221;1.1em&#8221; custom_margin=&#8221;23px||20px||false|false&#8221; custom_padding=&#8221;0px||0px||false|false&#8221; header_text_align_tablet=&#8221;left&#8221; header_text_align_phone=&#8221;left&#8221; header_text_align_last_edited=&#8221;on|phone&#8221; header_font_size_tablet=&#8221;75px&#8221; header_font_size_phone=&#8221;35px&#8221; header_font_size_last_edited=&#8221;on|phone&#8221; header_line_height_tablet=&#8221;&#8221; header_line_height_phone=&#8221;1.4em&#8221; header_line_height_last_edited=&#8221;on|phone&#8221; global_colors_info=&#8221;{}&#8221;]<\/p>\n<h1>Najlepsze Us\u0142ugi i Rozwi\u0105zania<\/h1>\n<p>[\/et_pb_text][et_pb_text _builder_version=&#8221;4.20.1&#8243; _module_preset=&#8221;default&#8221; text_font=&#8221;Open Sans|600|||||||&#8221; text_text_color=&#8221;#f9f9f9&#8243; text_font_size=&#8221;18px&#8221; custom_margin=&#8221;0px||40px||false|false&#8221; custom_padding=&#8221;0px||0px||false|false&#8221; text_line_height_tablet=&#8221;&#8221; text_line_height_phone=&#8221;1.6em&#8221; text_line_height_last_edited=&#8221;on|phone&#8221; text_orientation_tablet=&#8221;&#8221; text_orientation_phone=&#8221;left&#8221; text_orientation_last_edited=&#8221;on|phone&#8221; global_colors_info=&#8221;{}&#8221;]SYSTEM POMIESZCZE\u0143 SUCHYCH I CZYSTYCH<br \/>\nSPRZ\u0118T HVAC<br \/>\nROBOTY MECHANICZNE\/RUROCI\u0104GI KOMUNALNE[\/et_pb_text][et_pb_image src=&#8221;https:\/\/k-steel.net\/wp-content\/uploads\/2023\/03\/air-conditioning.png&#8221; align=&#8221;center&#8221; _builder_version=&#8221;4.20.1&#8243; _module_preset=&#8221;default&#8221; height=&#8221;64px&#8221; custom_margin=&#8221;0px||0px||false|false&#8221; custom_padding=&#8221;0px||0px||false|false&#8221; custom_css_main_element=&#8221;display:inline-block;&#8221; global_colors_info=&#8221;{}&#8221; custom_css_main_element_last_edited=&#8221;on|phone&#8221; custom_css_main_element_tablet=&#8221;display:inline-block;&#8221; custom_css_main_element_phone=&#8221;display:inline-block;&#8221;][\/et_pb_image][et_pb_image src=&#8221;https:\/\/k-steel.net\/wp-content\/uploads\/2023\/03\/pipeline.png&#8221; align=&#8221;center&#8221; _builder_version=&#8221;4.20.1&#8243; _module_preset=&#8221;default&#8221; height=&#8221;64px&#8221; custom_margin=&#8221;0px|35px|0px|35px|false|false&#8221; custom_padding=&#8221;0px||0px||false|false&#8221; custom_css_main_element=&#8221;display:inline-block;&#8221; global_colors_info=&#8221;{}&#8221;][\/et_pb_image][et_pb_image src=&#8221;https:\/\/k-steel.net\/wp-content\/uploads\/2023\/03\/cpu.png&#8221; align=&#8221;center&#8221; _builder_version=&#8221;4.20.1&#8243; _module_preset=&#8221;default&#8221; height=&#8221;64px&#8221; custom_margin=&#8221;0px|40px|0px||false|false&#8221; custom_margin_tablet=&#8221;0px|40px|0px||false|false&#8221; custom_margin_phone=&#8221;0px||0px||false|false&#8221; custom_margin_last_edited=&#8221;on|phone&#8221; custom_padding=&#8221;0px||0px||false|false&#8221; custom_css_main_element=&#8221;display:inline-block;&#8221; global_colors_info=&#8221;{}&#8221;][\/et_pb_image][et_pb_button button_url=&#8221;https:\/\/k-steel.net\/pl\/kontakt\/&#8221; button_text=&#8221;KONTAKT Z NAMI&#8221; button_alignment_tablet=&#8221;&#8221; button_alignment_phone=&#8221;left&#8221; button_alignment_last_edited=&#8221;on|phone&#8221; _builder_version=&#8221;4.20.1&#8243; _module_preset=&#8221;default&#8221; custom_button=&#8221;on&#8221; button_text_size=&#8221;15px&#8221; button_text_color=&#8221;#FFFFFF&#8221; button_bg_color=&#8221;#1169ab&#8221; button_border_width=&#8221;2px&#8221; button_border_color=&#8221;RGBA(255,255,255,0)&#8221; button_border_radius=&#8221;0px&#8221; button_font=&#8221;Open Sans|700|||||||&#8221; button_icon=&#8221;&#xf105;||fa||900&#8243; button_on_hover=&#8221;off&#8221; custom_margin=&#8221;-65px||0px|310px|false|false&#8221; custom_margin_tablet=&#8221;-65px||50px|310px|false|false&#8221; custom_margin_phone=&#8221;40px||20px|0px|false|false&#8221; custom_margin_last_edited=&#8221;on|tablet&#8221; custom_padding=&#8221;18px|43px|18px|30px|true|false&#8221; global_colors_info=&#8221;{}&#8221; button_bg_color__hover_enabled=&#8221;on|hover&#8221; button_bg_color__hover=&#8221;#b81b26&#8243; button_bg_enable_color__hover=&#8221;on&#8221; button_letter_spacing__hover_enabled=&#8221;on|hover&#8221; button_letter_spacing__hover=&#8221;0px&#8221;][\/et_pb_button][\/et_pb_column][\/et_pb_row][\/et_pb_section][et_pb_section fb_built=&#8221;1&#8243; use_custom_gutter=&#8221;on&#8221; specialty=&#8221;on&#8221; custom_padding_last_edited=&#8221;on|phone&#8221; padding_top_1=&#8221;0px&#8221; padding_top_2=&#8221;0px&#8221; padding_bottom_1=&#8221;0px&#8221; padding_bottom_2=&#8221;0px&#8221; padding_left_2=&#8221;35px&#8221; padding_top_bottom_link_1=&#8221;false&#8221; padding_top_bottom_link_2=&#8221;false&#8221; padding_left_right_link_1=&#8221;false&#8221; padding_left_right_link_2=&#8221;false&#8221; padding_2_tablet=&#8221;|||0px|false|false&#8221; padding_2_phone=&#8221;|||0px|false|false&#8221; padding_2_last_edited=&#8221;on|phone&#8221; _builder_version=&#8221;4.20.1&#8243; _module_preset=&#8221;default&#8221; inner_width=&#8221;90%&#8221; custom_margin=&#8221;0px||0px||false|false&#8221; custom_padding=&#8221;80px||10px||false|false&#8221; custom_padding_tablet=&#8221;130px||130px||false|false&#8221; custom_padding_phone=&#8221;80px||80px||false|false&#8221; global_colors_info=&#8221;{}&#8221;][et_pb_column type=&#8221;1_3&#8243; _builder_version=&#8221;4.16&#8243; custom_padding=&#8221;|||&#8221; global_colors_info=&#8221;{}&#8221; custom_padding__hover=&#8221;|||&#8221;][et_pb_text _builder_version=&#8221;4.20.1&#8243; _module_preset=&#8221;default&#8221; background_image=&#8221;https:\/\/k-steel.net\/wp-content\/uploads\/2023\/03\/01.jpg&#8221; width=&#8221;486px&#8221; width_tablet=&#8221;75%&#8221; width_phone=&#8221;100%&#8221; width_last_edited=&#8221;on|tablet&#8221; height=&#8221;373px&#8221; height_tablet=&#8221;570px&#8221; height_phone=&#8221;500px&#8221; height_last_edited=&#8221;off|desktop&#8221; custom_margin=&#8221;0px||0px||false|false&#8221; custom_margin_tablet=&#8221;0px||50px||false|false&#8221; custom_margin_phone=&#8221;||40px||false|false&#8221; custom_margin_last_edited=&#8221;on|phone&#8221; box_shadow_style=&#8221;preset1&#8243; global_colors_info=&#8221;{}&#8221;][\/et_pb_text][\/et_pb_column][et_pb_column type=&#8221;2_3&#8243; specialty_columns=&#8221;2&#8243; _builder_version=&#8221;4.16&#8243; custom_padding=&#8221;|||&#8221; global_colors_info=&#8221;{}&#8221; custom_padding__hover=&#8221;|||&#8221;][et_pb_row_inner _builder_version=&#8221;4.20.1&#8243; _module_preset=&#8221;default&#8221; custom_margin=&#8221;0px||6px||false|false&#8221; custom_padding=&#8221;0px||0px||false|false&#8221; global_colors_info=&#8221;{}&#8221;][et_pb_column_inner saved_specialty_column_type=&#8221;2_3&#8243; _builder_version=&#8221;4.17.4&#8243; _module_preset=&#8221;default&#8221; custom_padding=&#8221;|||105px|false|false&#8221; custom_padding_tablet=&#8221;|||0px|false|false&#8221; custom_padding_phone=&#8221;|||0px|false|false&#8221; custom_padding_last_edited=&#8221;on|tablet&#8221; global_colors_info=&#8221;{}&#8221;][et_pb_text module_id=&#8221;okancelarii&#8221; _builder_version=&#8221;4.20.1&#8243; _module_preset=&#8221;default&#8221; header_2_font=&#8221;Open Sans|700|||||||&#8221; header_2_text_align=&#8221;left&#8221; header_2_text_color=&#8221;#1169ab&#8221; header_2_font_size=&#8221;23px&#8221; header_2_line_height=&#8221;1.3em&#8221; custom_margin=&#8221;0px||0px||false|false&#8221; custom_padding=&#8221;0px||0px||false|false&#8221; header_2_font_size_tablet=&#8221;40px&#8221; header_2_font_size_phone=&#8221;30px&#8221; header_2_font_size_last_edited=&#8221;on|phone&#8221; global_colors_info=&#8221;{}&#8221;]<\/p>\n<h2>M\u0142oda firma, kt\u00f3ra jest wierna podstawom Umiej\u0119tno\u015bci, Uczciwo\u015bci i Zaufania<\/h2>\n<p>[\/et_pb_text][\/et_pb_column_inner][\/et_pb_row_inner][et_pb_row_inner use_custom_gutter=&#8221;on&#8221; gutter_width=&#8221;1&#8243; _builder_version=&#8221;4.17.4&#8243; _module_preset=&#8221;default&#8221; custom_margin=&#8221;0px||0px||false|false&#8221; custom_padding=&#8221;0px||0px||false|false&#8221; global_colors_info=&#8221;{}&#8221;][et_pb_column_inner saved_specialty_column_type=&#8221;2_3&#8243; _builder_version=&#8221;4.17.4&#8243; _module_preset=&#8221;default&#8221; custom_padding=&#8221;|||105px|false|false&#8221; custom_padding_tablet=&#8221;|||0px|false|false&#8221; custom_padding_phone=&#8221;|||0px|false|false&#8221; custom_padding_last_edited=&#8221;on|tablet&#8221; global_colors_info=&#8221;{}&#8221;][et_pb_text _builder_version=&#8221;4.20.1&#8243; _module_preset=&#8221;default&#8221; text_font=&#8221;Open Sans|600|||||||&#8221; text_text_color=&#8221;#1e2f40&#8243; text_font_size=&#8221;16px&#8221; text_line_height=&#8221;1.6em&#8221; custom_margin=&#8221;3px|-80px|15px||false|false&#8221; custom_margin_tablet=&#8221;0px|0px|25px||false|false&#8221; custom_margin_phone=&#8221;-15px|0px|22px||false|false&#8221; custom_margin_last_edited=&#8221;on|tablet&#8221; custom_padding=&#8221;0px||0px||false|false&#8221; global_colors_info=&#8221;{}&#8221;]<\/p>\n<p>To wizja i motto naszej firmy.<\/p>\n<p>[\/et_pb_text][\/et_pb_column_inner][\/et_pb_row_inner][et_pb_row_inner use_custom_gutter=&#8221;on&#8221; gutter_width=&#8221;1&#8243; _builder_version=&#8221;4.20.1&#8243; _module_preset=&#8221;default&#8221; custom_margin=&#8221;0px||0px||false|false&#8221; custom_padding=&#8221;0px||0px||false|false&#8221; global_colors_info=&#8221;{}&#8221;][et_pb_column_inner saved_specialty_column_type=&#8221;2_3&#8243; _builder_version=&#8221;4.20.1&#8243; _module_preset=&#8221;default&#8221; custom_padding=&#8221;||0px|105px|false|false&#8221; custom_padding_tablet=&#8221;|||0px|false|false&#8221; custom_padding_phone=&#8221;|||0px|false|false&#8221; custom_padding_last_edited=&#8221;on|tablet&#8221; global_colors_info=&#8221;{}&#8221;][et_pb_text _builder_version=&#8221;4.20.1&#8243; _module_preset=&#8221;default&#8221; text_font=&#8221;Open Sans||||||||&#8221; text_text_color=&#8221;#5b5b5b&#8221; text_font_size=&#8221;15px&#8221; text_line_height=&#8221;1.6em&#8221; custom_margin=&#8221;0px|-80px|32px||false|false&#8221; custom_margin_tablet=&#8221;0px|0px|32px||false|false&#8221; custom_margin_phone=&#8221;0px|0px|32px||false|false&#8221; custom_margin_last_edited=&#8221;on|tablet&#8221; custom_padding=&#8221;0px||0px||false|false&#8221; global_colors_info=&#8221;{}&#8221;]Dok\u0142adamy wszelkich stara\u0144, aby jak najlepiej sprosta\u0107 wymaganiom naszych klient\u00f3w i \u015bwiadczy\u0107 us\u0142ugi dostosowane do ich potrzeb. S\u0142uchanie naszych klient\u00f3w jest fundamentalnym elementem naszego podej\u015bcia do rozwoju zindywidualizowanych rozwi\u0105za\u0144 i tworzenia d\u0142ugoterminowych partnerstw. Priorytet ma uniwersalna i podstawowa instalacja wzorcowa, ale r\u00f3\u017cne urz\u0105dzenia i instalacje eksperci s\u0105 rezydentami w ka\u017cdym kraju europejskim, kt\u00f3rzy mog\u0105 wykonywa\u0107 elastyczn\u0105 prac\u0119 wed\u0142ug najnowszych trendy w zale\u017cno\u015bci od potrzeb.<\/p>\n<p>W ci\u0105gu czterech lat od powstania firmy wszystkie zrealizowane przez nas projekty zako\u0144czy\u0142y si\u0119 sukcesem. Je\u017celi naprawy s\u0105 konieczne z powodu problem\u00f3w materia\u0142owych, zdobyli\u015bmy zaufanie naszych klient\u00f3w, podejmuj\u0105c dzia\u0142ania na miejscu w odpowiednim czasie. Zaufanie naszych klient\u00f3w, kt\u00f3re zbudowali\u015bmy dzi\u0119ki naszym umiej\u0119tno\u015bciom, uczciwo\u015bci i odpowiedzialno\u015bci, jest nasze najlepsza si\u0142a i pewno\u015b\u0107 siebie.<\/p>\n<p>Jako partner prawdziwie komunikuj\u0105cy si\u0119 z klientami zgodnie z dewiz\u0105 firmy, oferujemy najlepsze us\u0142ugi i rozwi\u0105zania dla udanych projekt\u00f3w naszych klient\u00f3w.[\/et_pb_text][\/et_pb_column_inner][\/et_pb_row_inner][\/et_pb_column][\/et_pb_section][et_pb_section fb_built=&#8221;1&#8243; _builder_version=&#8221;4.20.1&#8243; _module_preset=&#8221;default&#8221; custom_margin=&#8221;0px||||false|false&#8221; custom_padding=&#8221;0px||18px||false|false&#8221; global_colors_info=&#8221;{}&#8221;][et_pb_row _builder_version=&#8221;4.20.1&#8243; _module_preset=&#8221;default&#8221; width=&#8221;90%&#8221; custom_margin=&#8221;0px||0px||false|false&#8221; custom_padding=&#8221;0px||0px||false|false&#8221; global_colors_info=&#8221;{}&#8221;][et_pb_column type=&#8221;4_4&#8243; _builder_version=&#8221;4.20.1&#8243; _module_preset=&#8221;default&#8221; custom_padding=&#8221;||0px||false|false&#8221; global_colors_info=&#8221;{}&#8221;][et_pb_text module_id=&#8221;okancelarii&#8221; _builder_version=&#8221;4.20.1&#8243; _module_preset=&#8221;default&#8221; text_font=&#8221;|||on|||||&#8221; header_2_font=&#8221;Open Sans|700|||||||&#8221; header_2_text_align=&#8221;left&#8221; header_2_text_color=&#8221;#1169ab&#8221; header_2_font_size=&#8221;23px&#8221; header_2_line_height=&#8221;1.3em&#8221; custom_margin=&#8221;0px||0px||false|false&#8221; custom_padding=&#8221;0px||0px||false|false&#8221; header_2_font_size_tablet=&#8221;40px&#8221; header_2_font_size_phone=&#8221;30px&#8221; header_2_font_size_last_edited=&#8221;on|phone&#8221; global_colors_info=&#8221;{}&#8221;]<\/p>\n<h2 style=\"text-align: center;\">Nasi Klienci<\/h2>\n<p>[\/et_pb_text][\/et_pb_column][\/et_pb_row][\/et_pb_section][et_pb_section fb_built=&#8221;1&#8243; _builder_version=&#8221;4.20.1&#8243; _module_preset=&#8221;default&#8221; custom_margin=&#8221;0px||||false|false&#8221; custom_padding=&#8221;0px||18px||false|false&#8221; global_colors_info=&#8221;{}&#8221;][et_pb_row _builder_version=&#8221;4.20.1&#8243; _module_preset=&#8221;default&#8221; width=&#8221;90%&#8221; custom_margin=&#8221;0px||0px||false|false&#8221; custom_padding=&#8221;0px||0px||false|false&#8221; global_colors_info=&#8221;{}&#8221;][et_pb_column type=&#8221;4_4&#8243; _builder_version=&#8221;4.20.1&#8243; _module_preset=&#8221;default&#8221; custom_padding=&#8221;||0px||false|false&#8221; global_colors_info=&#8221;{}&#8221;][et_pb_divider _builder_version=&#8221;4.20.1&#8243; _module_preset=&#8221;default&#8221; global_colors_info=&#8221;{}&#8221;][\/et_pb_divider][\/et_pb_column][\/et_pb_row][et_pb_row column_structure=&#8221;1_3,1_3,1_3&#8243; _builder_version=&#8221;4.20.1&#8243; _module_preset=&#8221;default&#8221; custom_margin=&#8221;||0px||false|false&#8221; custom_padding=&#8221;||0px||false|false&#8221; global_colors_info=&#8221;{}&#8221;][et_pb_column type=&#8221;1_3&#8243; _builder_version=&#8221;4.20.1&#8243; _module_preset=&#8221;default&#8221; global_colors_info=&#8221;{}&#8221;][et_pb_image src=&#8221;https:\/\/k-steel.net\/wp-content\/uploads\/2023\/03\/a01.png&#8221; align=&#8221;center&#8221; _builder_version=&#8221;4.20.1&#8243; _module_preset=&#8221;default&#8221; max_width=&#8221;230px&#8221; global_colors_info=&#8221;{}&#8221;][\/et_pb_image][\/et_pb_column][et_pb_column type=&#8221;1_3&#8243; _builder_version=&#8221;4.20.1&#8243; _module_preset=&#8221;default&#8221; global_colors_info=&#8221;{}&#8221;][et_pb_image src=&#8221;https:\/\/k-steel.net\/wp-content\/uploads\/2023\/03\/02.png&#8221; align=&#8221;center&#8221; _builder_version=&#8221;4.20.1&#8243; _module_preset=&#8221;default&#8221; max_width=&#8221;230px&#8221; global_colors_info=&#8221;{}&#8221;][\/et_pb_image][\/et_pb_column][et_pb_column type=&#8221;1_3&#8243; _builder_version=&#8221;4.20.1&#8243; _module_preset=&#8221;default&#8221; global_colors_info=&#8221;{}&#8221;][et_pb_image src=&#8221;https:\/\/k-steel.net\/wp-content\/uploads\/2023\/03\/03.png&#8221; align=&#8221;center&#8221; _builder_version=&#8221;4.20.1&#8243; _module_preset=&#8221;default&#8221; max_width=&#8221;230px&#8221; global_colors_info=&#8221;{}&#8221;][\/et_pb_image][\/et_pb_column][\/et_pb_row][et_pb_row column_structure=&#8221;1_3,1_3,1_3&#8243; _builder_version=&#8221;4.20.1&#8243; _module_preset=&#8221;default&#8221; custom_margin=&#8221;||0px||false|false&#8221; custom_padding=&#8221;||0px||false|false&#8221; global_colors_info=&#8221;{}&#8221;][et_pb_column type=&#8221;1_3&#8243; _builder_version=&#8221;4.20.1&#8243; _module_preset=&#8221;default&#8221; global_colors_info=&#8221;{}&#8221;][et_pb_image src=&#8221;https:\/\/k-steel.net\/wp-content\/uploads\/2023\/03\/04.png&#8221; align=&#8221;center&#8221; _builder_version=&#8221;4.20.1&#8243; _module_preset=&#8221;default&#8221; max_width=&#8221;230px&#8221; global_colors_info=&#8221;{}&#8221;][\/et_pb_image][\/et_pb_column][et_pb_column type=&#8221;1_3&#8243; _builder_version=&#8221;4.20.1&#8243; _module_preset=&#8221;default&#8221; global_colors_info=&#8221;{}&#8221;][et_pb_image src=&#8221;https:\/\/k-steel.net\/wp-content\/uploads\/2023\/03\/05.png&#8221; align=&#8221;center&#8221; _builder_version=&#8221;4.20.1&#8243; _module_preset=&#8221;default&#8221; max_width=&#8221;230px&#8221; global_colors_info=&#8221;{}&#8221;][\/et_pb_image][\/et_pb_column][et_pb_column type=&#8221;1_3&#8243; _builder_version=&#8221;4.20.1&#8243; _module_preset=&#8221;default&#8221; global_colors_info=&#8221;{}&#8221;][et_pb_image src=&#8221;https:\/\/k-steel.net\/wp-content\/uploads\/2023\/03\/06.png&#8221; align=&#8221;center&#8221; _builder_version=&#8221;4.20.1&#8243; _module_preset=&#8221;default&#8221; max_width=&#8221;230px&#8221; global_colors_info=&#8221;{}&#8221;][\/et_pb_image][\/et_pb_column][\/et_pb_row][et_pb_row column_structure=&#8221;1_3,1_3,1_3&#8243; _builder_version=&#8221;4.20.1&#8243; _module_preset=&#8221;default&#8221; custom_margin=&#8221;||0px||false|false&#8221; custom_padding=&#8221;||20px||false|false&#8221; global_colors_info=&#8221;{}&#8221;][et_pb_column type=&#8221;1_3&#8243; _builder_version=&#8221;4.20.1&#8243; _module_preset=&#8221;default&#8221; global_colors_info=&#8221;{}&#8221;][et_pb_image src=&#8221;https:\/\/k-steel.net\/wp-content\/uploads\/2023\/03\/07.png&#8221; align=&#8221;center&#8221; _builder_version=&#8221;4.20.1&#8243; _module_preset=&#8221;default&#8221; max_width=&#8221;230px&#8221; global_colors_info=&#8221;{}&#8221;][\/et_pb_image][\/et_pb_column][et_pb_column type=&#8221;1_3&#8243; _builder_version=&#8221;4.20.1&#8243; _module_preset=&#8221;default&#8221; global_colors_info=&#8221;{}&#8221;][et_pb_image src=&#8221;https:\/\/k-steel.net\/wp-content\/uploads\/2023\/03\/08.png&#8221; align=&#8221;center&#8221; _builder_version=&#8221;4.20.1&#8243; _module_preset=&#8221;default&#8221; max_width=&#8221;230px&#8221; global_colors_info=&#8221;{}&#8221;][\/et_pb_image][\/et_pb_column][et_pb_column type=&#8221;1_3&#8243; _builder_version=&#8221;4.20.1&#8243; _module_preset=&#8221;default&#8221; global_colors_info=&#8221;{}&#8221;][et_pb_image src=&#8221;https:\/\/k-steel.net\/wp-content\/uploads\/2024\/12\/10.png&#8221; align=&#8221;center&#8221; _builder_version=&#8221;4.27.4&#8243; _module_preset=&#8221;default&#8221; max_width=&#8221;230px&#8221; hover_enabled=&#8221;0&#8243; global_colors_info=&#8221;{}&#8221; sticky_enabled=&#8221;0&#8243;][\/et_pb_image][\/et_pb_column][\/et_pb_row][\/et_pb_section]<\/p>\n","protected":false},"excerpt":{"rendered":"<p>Najlepsze Us\u0142ugi i Rozwi\u0105zaniaSYSTEM POMIESZCZE\u0143 SUCHYCH I CZYSTYCH SPRZ\u0118T HVAC ROBOTY MECHANICZNE\/RUROCI\u0104GI KOMUNALNEM\u0142oda firma, kt\u00f3ra jest wierna podstawom Umiej\u0119tno\u015bci, Uczciwo\u015bci i ZaufaniaTo wizja i motto naszej firmy.Dok\u0142adamy wszelkich stara\u0144, aby jak najlepiej sprosta\u0107 wymaganiom naszych klient\u00f3w i \u015bwiadczy\u0107 us\u0142ugi dostosowane do ich potrzeb. S\u0142uchanie naszych klient\u00f3w jest fundamentalnym elementem naszego podej\u015bcia do rozwoju zindywidualizowanych rozwi\u0105za\u0144 [&hellip;]<\/p>\n","protected":false},"author":1,"featured_media":0,"parent":0,"menu_order":0,"comment_status":"closed","ping_status":"closed","template":"","meta":{"_et_pb_use_builder":"on","_et_pb_old_content":"","_et_gb_content_width":"","footnotes":""},"class_list":["post-71235","page","type-page","status-publish","hentry"],"_links":{"self":[{"href":"https:\/\/k-steel.net\/pl\/wp-json\/wp\/v2\/pages\/71235","targetHints":{"allow":["GET"]}}],"collection":[{"href":"https:\/\/k-steel.net\/pl\/wp-json\/wp\/v2\/pages"}],"about":[{"href":"https:\/\/k-steel.net\/pl\/wp-json\/wp\/v2\/types\/page"}],"author":[{"embeddable":true,"href":"https:\/\/k-steel.net\/pl\/wp-json\/wp\/v2\/users\/1"}],"replies":[{"embeddable":true,"href":"https:\/\/k-steel.net\/pl\/wp-json\/wp\/v2\/comments?post=71235"}],"version-history":[{"count":26,"href":"https:\/\/k-steel.net\/pl\/wp-json\/wp\/v2\/pages\/71235\/revisions"}],"predecessor-version":[{"id":71476,"href":"https:\/\/k-steel.net\/pl\/wp-json\/wp\/v2\/pages\/71235\/revisions\/71476"}],"wp:attachment":[{"href":"https:\/\/k-steel.net\/pl\/wp-json\/wp\/v2\/media?parent=71235"}],"curies":[{"name":"wp","href":"https:\/\/api.w.org\/{rel}","templated":true}]}}