{"id":71288,"date":"2023-03-08T12:14:06","date_gmt":"2023-03-08T11:14:06","guid":{"rendered":"https:\/\/k-steel.net\/prace-mechaniczne-rurociagi-uzytkowe\/"},"modified":"2023-03-16T13:57:20","modified_gmt":"2023-03-16T12:57:20","slug":"prace-mechaniczne-rurociagi-uzytkowe","status":"publish","type":"page","link":"https:\/\/k-steel.net\/pl\/prace-mechaniczne-rurociagi-uzytkowe\/","title":{"rendered":"PRACE MECHANICZNE \/ RUROCI\u0104GI U\u017bYTKOWE"},"content":{"rendered":"<p>[et_pb_section fb_built=&#8221;1&#8243; _builder_version=&#8221;4.20.1&#8243; _module_preset=&#8221;default&#8221; use_background_color_gradient=&#8221;on&#8221; background_color_gradient_stops=&#8221;#14191c 0%|rgba(255,255,255,0) 100%&#8221; background_color_gradient_overlays_image=&#8221;on&#8221; background_image=&#8221;https:\/\/k-steel.net\/wp-content\/uploads\/2023\/03\/top1.jpg&#8221; parallax=&#8221;on&#8221; background_enable_video_mp4=&#8221;off&#8221; custom_margin=&#8221;0px||0px||false|false&#8221; custom_padding=&#8221;107px||107px||true|false&#8221; custom_css_before=&#8221;content:%22%22;||    display: block;||    position: absolute;||    top: 0;||    left: 0;||    width: 100%;||    height: 100%;||   background-image: linear-gradient(rgb(30,47,64, 0.8), rgb(30,47,64, 0.3));||    z-index: 9;&#8221; global_colors_info=&#8221;{}&#8221;][et_pb_row use_custom_gutter=&#8221;on&#8221; make_equal=&#8221;on&#8221; _builder_version=&#8221;4.20.1&#8243; _module_preset=&#8221;default&#8221; z_index=&#8221;103&#8243; width=&#8221;90%&#8221; custom_margin=&#8221;0px||0px||false|false&#8221; custom_padding=&#8221;0px||0px||false|false&#8221; module_alignment_last_edited=&#8221;off|tablet&#8221; global_colors_info=&#8221;{}&#8221;][et_pb_column type=&#8221;4_4&#8243; _builder_version=&#8221;4.17.4&#8243; _module_preset=&#8221;default&#8221; global_colors_info=&#8221;{}&#8221;][et_pb_text _builder_version=&#8221;4.20.1&#8243; _dynamic_attributes=&#8221;content&#8221; _module_preset=&#8221;default&#8221; header_font=&#8221;Open Sans|700|||||||&#8221; header_text_align=&#8221;left&#8221; header_text_color=&#8221;#FFFFFF&#8221; header_font_size=&#8221;50px&#8221; header_line_height=&#8221;1.1em&#8221; custom_margin=&#8221;23px||20px||false|false&#8221; custom_padding=&#8221;0px||0px||false|false&#8221; header_text_align_tablet=&#8221;left&#8221; header_text_align_phone=&#8221;left&#8221; header_text_align_last_edited=&#8221;on|phone&#8221; header_font_size_tablet=&#8221;75px&#8221; header_font_size_phone=&#8221;35px&#8221; header_font_size_last_edited=&#8221;on|phone&#8221; header_line_height_tablet=&#8221;&#8221; header_line_height_phone=&#8221;1.4em&#8221; header_line_height_last_edited=&#8221;on|phone&#8221; global_colors_info=&#8221;{}&#8221;]@ET-DC@eyJkeW5hbWljIjp0cnVlLCJjb250ZW50IjoicG9zdF90aXRsZSIsInNldHRpbmdzIjp7ImJlZm9yZSI6IjxoMT4iLCJhZnRlciI6IjxcL2gxPiJ9fQ==@[\/et_pb_text][\/et_pb_column][\/et_pb_row][\/et_pb_section][et_pb_section fb_built=&#8221;1&#8243; _builder_version=&#8221;4.20.1&#8243; _module_preset=&#8221;default&#8221; global_colors_info=&#8221;{}&#8221;][et_pb_row _builder_version=&#8221;4.20.1&#8243; _module_preset=&#8221;default&#8221; global_colors_info=&#8221;{}&#8221;][et_pb_column type=&#8221;4_4&#8243; _builder_version=&#8221;4.20.1&#8243; _module_preset=&#8221;default&#8221; global_colors_info=&#8221;{}&#8221;][et_pb_text _builder_version=&#8221;4.20.1&#8243; _module_preset=&#8221;default&#8221; text_font=&#8221;Open Sans||||||||&#8221; text_text_color=&#8221;#5b5b5b&#8221; text_font_size=&#8221;15px&#8221; text_line_height=&#8221;1.6em&#8221; custom_margin=&#8221;||||false|false&#8221; custom_margin_tablet=&#8221;0px|0px|32px||false|false&#8221; custom_margin_phone=&#8221;0px|0px|32px||false|false&#8221; custom_margin_last_edited=&#8221;off|desktop&#8221; custom_padding=&#8221;||||false|false&#8221; hover_enabled=&#8221;0&#8243; global_colors_info=&#8221;{}&#8221; sticky_enabled=&#8221;0&#8243;]<strong>INSTALACJE RUROCI\u0104GOWE I KANA\u0141OWE<\/strong><\/p>\n<p><strong><\/strong><\/p>\n<ul>\n<li>Suchy pok\u00f3j, czysty pok\u00f3j, fabryki, budynki<\/li>\n<\/ul>\n<p>[\/et_pb_text][\/et_pb_column][\/et_pb_row][et_pb_row _builder_version=&#8221;4.20.1&#8243; _module_preset=&#8221;default&#8221; global_colors_info=&#8221;{}&#8221;][et_pb_column type=&#8221;4_4&#8243; _builder_version=&#8221;4.20.1&#8243; _module_preset=&#8221;default&#8221; global_colors_info=&#8221;{}&#8221;][et_pb_gallery gallery_ids=&#8221;71222,71355,71226,71228,71230,71232&#8243; posts_number=&#8221;6&#8243; show_title_and_caption=&#8221;off&#8221; show_pagination=&#8221;off&#8221; zoom_icon_color=&#8221;#1e2f40&#8243; hover_overlay_color=&#8221;rgba(30,47,64,0.25)&#8221; hover_icon=&#8221;\uf065||fa||900&#8243; _builder_version=&#8221;4.20.1&#8243; _module_preset=&#8221;default&#8221; custom_css_gallery_item=&#8221;width: 33.33% !important;||margin: 0 !important;||clear: none !important;&#8221; box_shadow_style_image=&#8221;preset1&#8243; global_colors_info=&#8221;{}&#8221;][\/et_pb_gallery][\/et_pb_column][\/et_pb_row][\/et_pb_section]<\/p>\n","protected":false},"excerpt":{"rendered":"<p>INSTALACJE RUROCI\u0104GOWE I KANA\u0141OWE Suchy pok\u00f3j, czysty pok\u00f3j, fabryki, budynki<\/p>\n","protected":false},"author":1,"featured_media":0,"parent":0,"menu_order":0,"comment_status":"closed","ping_status":"closed","template":"","meta":{"_et_pb_use_builder":"on","_et_pb_old_content":"","_et_gb_content_width":"","footnotes":""},"class_list":["post-71288","page","type-page","status-publish","hentry"],"_links":{"self":[{"href":"https:\/\/k-steel.net\/pl\/wp-json\/wp\/v2\/pages\/71288","targetHints":{"allow":["GET"]}}],"collection":[{"href":"https:\/\/k-steel.net\/pl\/wp-json\/wp\/v2\/pages"}],"about":[{"href":"https:\/\/k-steel.net\/pl\/wp-json\/wp\/v2\/types\/page"}],"author":[{"embeddable":true,"href":"https:\/\/k-steel.net\/pl\/wp-json\/wp\/v2\/users\/1"}],"replies":[{"embeddable":true,"href":"https:\/\/k-steel.net\/pl\/wp-json\/wp\/v2\/comments?post=71288"}],"version-history":[{"count":6,"href":"https:\/\/k-steel.net\/pl\/wp-json\/wp\/v2\/pages\/71288\/revisions"}],"predecessor-version":[{"id":71368,"href":"https:\/\/k-steel.net\/pl\/wp-json\/wp\/v2\/pages\/71288\/revisions\/71368"}],"wp:attachment":[{"href":"https:\/\/k-steel.net\/pl\/wp-json\/wp\/v2\/media?parent=71288"}],"curies":[{"name":"wp","href":"https:\/\/api.w.org\/{rel}","templated":true}]}}